{"id":44,"date":"2024-05-17T10:57:20","date_gmt":"2024-05-17T10:57:20","guid":{"rendered":"http:\/\/xinterio-demo.pbminfotech.com\/demo1\/?page_id=4865"},"modified":"2026-04-01T01:54:24","modified_gmt":"2026-03-31T22:54:24","slug":"modern-saray","status":"publish","type":"page","link":"https:\/\/www.modernsaray.com\/dekorasyon\/modern-saray\/","title":{"rendered":"Modern Saray"},"content":{"rendered":"\t\t<div data-elementor-type=\"wp-page\" data-elementor-id=\"44\" class=\"elementor elementor-44\">\n\t\t\t\t\t\t<section class=\"elementor-section elementor-top-section elementor-element elementor-element-8acbf02 pbmit-text-color-white elementor-section-stretched pbmit-extend-animation pbmit-bg-color-yes pbmit-elementor-bg-color-secondary pbmit-col-stretched-none pbmit-bg-color-over-image elementor-section-boxed elementor-section-height-default elementor-section-height-default\" data-id=\"8acbf02\" data-element_type=\"section\" data-settings=\"{&quot;stretch_section&quot;:&quot;section-stretched&quot;}\">\n\t\t\t\t\t\t<div class=\"elementor-container elementor-column-gap-default\">\n\t\t\t\t\t<div class=\"elementor-column elementor-col-100 elementor-top-column elementor-element elementor-element-a494725 pbmit-bg-color-over-image\" data-id=\"a494725\" data-element_type=\"column\">\n\t\t\t<div class=\"elementor-widget-wrap elementor-element-populated\">\n\t\t\t\t\t\t<div class=\"elementor-element elementor-element-c3db5c7 elementor-widget elementor-widget-text-editor\" data-id=\"c3db5c7\" data-element_type=\"widget\" data-widget_type=\"text-editor.default\">\n\t\t\t\t<div class=\"elementor-widget-container\">\n\t\t\t\t\t\t\t\t\t<span style=\"font-size: 45px; letter-spacing: -2px;\">modern<strong style=\"font-weight: bold; font-size: 45px;\">saray<\/strong><\/span><span style=\"font-size: 35px;letter-spacing: -2px; padding-left: 7px;\">\u2122<\/span>\t\t\t\t\t\t\t\t<\/div>\n\t\t\t\t<\/div>\n\t\t\t\t\t<\/div>\n\t\t<\/div>\n\t\t\t\t\t<\/div>\n\t\t<\/section>\n\t\t\t\t<div class=\"elementor-section elementor-top-section elementor-element elementor-element-ef7663b pbmit-col-stretched-none pbmit-bg-color-over-image elementor-section-boxed elementor-section-height-default elementor-section-height-default\" data-id=\"ef7663b\" data-element_type=\"section\">\n\t\t\t\t\t\t<div class=\"elementor-container elementor-column-gap-no\">\n\t\t\t\t\t<div class=\"elementor-column elementor-col-50 elementor-top-column elementor-element elementor-element-5e7b913 pbmit-bg-color-yes pbmit-elementor-bg-color-blackish pbmit-text-color-white pbmit-bg-color-over-image\" data-id=\"5e7b913\" data-element_type=\"column\">\n\t\t\t<div class=\"elementor-widget-wrap elementor-element-populated\">\n\t\t\t\t\t\t<div class=\"elementor-element elementor-element-97b5f4f elementor-widget elementor-widget-pbmit_heading\" data-id=\"97b5f4f\" data-element_type=\"widget\" data-widget_type=\"pbmit_heading.default\">\n\t\t\t\t<div class=\"elementor-widget-container\">\n\t\t\t\t\t <div class=\"pbmit-heading-subheading pbmit-reverse-heading-yes animation-style2\"><h2 class=\"pbmit-element-title\">\r\n\t\t\t\t\r\n\t\t\t\t\tModern. Asil. Ebedi.\r\n\t\t\t\t\r\n\t\t\t\t<\/h2>\r\n\t\t\t<div class=\"pbmit-heading-desc\">Modern Saray\u2122, modern mimarinin zarafetini saray esteti\u011finin asaletiyle birle\u015ftiren \u00f6zel bir tasar\u0131m markas\u0131d\u0131r. Amac\u0131m\u0131z, ya\u015fam alanlar\u0131n\u0131 yaln\u0131zca d\u00fczenlemek de\u011fil; onlara kal\u0131c\u0131 bir kimlik, g\u00fc\u00e7l\u00fc bir duru\u015f ve zamans\u0131z bir de\u011fer kazand\u0131rmakt\u0131r. Her projemizde estetik ile fonksiyonu, sadelik ile ihti\u015fam\u0131, modernlikle asaletin en rafine h\u00e2lini bulu\u015ftururuz.\n<br><br>\nModern Saray i\u00e7in bir mek\u00e2n sadece duvarlardan ibaret de\u011fildir; bir karakter, bir ruh, bir ya\u015fam standard\u0131 ta\u015f\u0131r. Biz, mek\u00e2n\u0131n sahibine hizmet eden bir g\u00fc\u00e7 alan\u0131 yaratmay\u0131 hedefleriz. Bu nedenle tasar\u0131m yakla\u015f\u0131m\u0131m\u0131z; \u0131\u015f\u0131\u011f\u0131n y\u00f6netimi, malzemenin asaleti, \u00e7izginin dengesi ve her detay\u0131n \u00f6zenle i\u015flenmesi \u00fczerine kuruludur. Her mek\u00e2n\u0131, modern \u00e7a\u011f\u0131n beklentilerine uygun ama saray gelene\u011finin zarafetini ta\u015f\u0131yan \u00f6zg\u00fcn bir kimlik ile yeniden in\u015fa ederiz.<\/div><\/div>\t\t\t\t<\/div>\n\t\t\t\t<\/div>\n\t\t\t\t\t<\/div>\n\t\t<\/div>\n\t\t\t\t<div class=\"elementor-column elementor-col-50 elementor-top-column elementor-element elementor-element-954d0e0 pbmit-bg-color-over-image\" data-id=\"954d0e0\" data-element_type=\"column\">\n\t\t\t<div class=\"elementor-widget-wrap elementor-element-populated\">\n\t\t\t\t\t\t<div class=\"elementor-element elementor-element-8009ba9 elementor-widget elementor-widget-pbmit_heading\" data-id=\"8009ba9\" data-element_type=\"widget\" data-widget_type=\"pbmit_heading.default\">\n\t\t\t\t<div class=\"elementor-widget-container\">\n\t\t\t\t\t <div class=\"pbmit-heading-subheading  animation-style2\"><h2 class=\"pbmit-element-title\">\r\n\t\t\t\t\r\n\t\t\t\t\tTasar\u0131m Anlay\u0131\u015f\u0131m\u0131z\r\n\t\t\t\t\r\n\t\t\t\t<\/h2>\r\n\t\t\t<div class=\"pbmit-heading-desc\">Modern Saray\u2019\u0131n tasar\u0131m felsefesi \u00fc\u00e7 temel de\u011ferin etraf\u0131nda \u015fekillenir:\n\nModernlik: \u00c7a\u011f\u0131n \u00e7izgisini takip eden de\u011fil; onu tan\u0131mlayan bir estetik.\n\nAsalet: Saray k\u00fclt\u00fcr\u00fcn\u00fcn zarafetini ta\u015f\u0131yan dengeli, g\u00fc\u00e7l\u00fc ve temiz mimari.\n\nEbediyet: Trendlerin \u00f6tesinde kalan, y\u0131llar sonra bile de\u011ferini koruyan tasar\u0131m dili.\n\nHer proje bizim i\u00e7in bir \u201ceser\u201d, her mek\u00e2n bir \u201csaray\u201d, her detay ise bir \u201cta\u00e7\u201dd\u0131r.<\/div><\/div>\t\t\t\t<\/div>\n\t\t\t\t<\/div>\n\t\t\t\t<div class=\"elementor-element elementor-element-696cbaf pbmit-animation-none elementor-widget elementor-widget-image\" data-id=\"696cbaf\" data-element_type=\"widget\" data-widget_type=\"image.default\">\n\t\t\t\t<div class=\"elementor-widget-container\">\n\t\t\t\t\t\t\t\t\t\t\t\t\t\t\t<img fetchpriority=\"high\" decoding=\"async\" width=\"825\" height=\"121\" src=\"https:\/\/www.modernsaray.com\/dekorasyon\/wp-content\/uploads\/2025\/11\/modernsaray.svg\" class=\"attachment-full size-full wp-image-254\" alt=\"\" \/>\t\t\t\t\t\t\t\t\t\t\t\t\t\t\t<\/div>\n\t\t\t\t<\/div>\n\t\t\t\t\t<\/div>\n\t\t<\/div>\n\t\t\t\t\t<\/div>\n\t\t<\/div>\n\t\t\t\t<section class=\"elementor-section elementor-top-section elementor-element elementor-element-04e6024 pbmit-col-stretched-none pbmit-bg-color-over-image elementor-section-boxed elementor-section-height-default elementor-section-height-default\" data-id=\"04e6024\" data-element_type=\"section\">\n\t\t\t\t\t\t<div class=\"elementor-container elementor-column-gap-default\">\n\t\t\t\t\t<div class=\"elementor-column elementor-col-50 elementor-top-column elementor-element elementor-element-30add7c pbmit-bg-color-over-image\" data-id=\"30add7c\" data-element_type=\"column\">\n\t\t\t<div class=\"elementor-widget-wrap elementor-element-populated\">\n\t\t\t\t\t\t<div class=\"elementor-element elementor-element-9a39819 elementor-widget elementor-widget-pbmit_heading\" data-id=\"9a39819\" data-element_type=\"widget\" data-widget_type=\"pbmit_heading.default\">\n\t\t\t\t<div class=\"elementor-widget-container\">\n\t\t\t\t\t <div class=\"pbmit-heading-subheading pbmit-reverse-heading-yes animation-style2\"><h2 class=\"pbmit-element-title\">\r\n\t\t\t\t\r\n\t\t\t\t\tHizmet Yakla\u015f\u0131m\u0131m\u0131z\r\n\t\t\t\t\r\n\t\t\t\t<\/h2>\r\n\t\t\t<div class=\"pbmit-heading-desc\">Modern Saray\u2122, tasar\u0131m s\u00fcrecini m\u00fc\u015fterilerimizle birlikte y\u00fcr\u00fct\u00fcr; beklentileri, ihtiya\u00e7lar\u0131 ve ya\u015fam tarz\u0131n\u0131 analiz ederek birebir uyumlu mek\u00e2nsal \u00e7\u00f6z\u00fcmler olu\u015fturur.\nEvlerden ofislere, ticari mek\u00e2nlardan b\u00fcy\u00fck \u00f6l\u00e7ekli projelere kadar her alan; kendi kimli\u011fine \u00f6zel bir saray dokunu\u015fuyla yeniden hayat bulur.<\/div><\/div>\t\t\t\t<\/div>\n\t\t\t\t<\/div>\n\t\t\t\t<div class=\"elementor-element elementor-element-3d04612 elementor-widget elementor-widget-pbmit_multiple_icon_heading\" data-id=\"3d04612\" data-element_type=\"widget\" data-widget_type=\"pbmit_multiple_icon_heading.default\">\n\t\t\t\t<div class=\"elementor-widget-container\">\n\t\t\t\t\t\t\t\t<div class=\"pbminfotech-element\r\n\t\t\t\tpbminfotech-element-miconheading\t\t\t\tpbmit-element-miconheading-style-1\t\t\t\tpbmit-element-viewtype-row-column\t\t\t\tpbmit-element-column-one\t\t\t\tpbmit-element-sticky-carousel-false\t\t\t\tpbmit-element-caroursel-dot-false\t\t\t\tpbmit-infinite-scroll-no\t\t\t\tpbmit-infinite-scroll-button-no\t\t\t\tpbminfotech-gap-20px\t\t\t\t\t\t\t\t\t\t\t\t\"\r\n\t\t\t\tdata-cpt=\"miconheading\"\r\n\t\t\t\tdata-totalpagination=\"1\"\r\n\t\t\t\tdata-style=\"1\"\r\n\t\t\t\tdata-show=\"3\"\r\n\t\t\t\tdata-columns=\"1\"\r\n\t\t\t\tdata-loop=\"false\"\r\n\t\t\t\tdata-autoplay=\"false\"\r\n\t\t\t\tdata-center=\"false\"\r\n\t\t\t\tdata-nav=\"false\"\r\n\t\t\t\tdata-dots=\"false\"\r\n\t\t\t\tdata-reverse=\"false\"\r\n\t\t\t\tdata-speed=\"1000\"\r\n\t\t\t\tdata-marquee-speed=\"10000\"\r\n\t\t\t\tdata-delay=\"4000\"\r\n\t\t\t\tdata-margin=\"20px\"\r\n\t\t\t\tdata-show-portion=\"false\">\r\n\t\t\t\t<div class=\"pbmit-element-inner\">\r\n\t\t\t\t\t<div class=\"pbmit-ele-header-area\">\r\n\t\t\t <div class=\"pbmit-heading-subheading  animation-style4\"><\/div>\t\t<\/div>\r\n\t\t\r\n\t\t<div class=\"pbmit-element-posts-wrapper row multi-columns-row\">\r\n\t\t\t<article class=\"pbmit-ele pbmit-ele-miconheading pbmit-miconheading-style-1 col-md-12   \">\t\t\t\t\t\t<div class=\"pbmit-ihbox pbmit-ihbox-style-1\">\r\n\t\t\t\t\t\t\t<div class=\"pbmit-ihbox-headingicon d-flex align-items-center\">\r\n\t<div class=\"pbmit-ihbox-icon\"><div class=\"pbmit-ihbox-icon-wrapper pbmit-ihbox-icon-type-text\"><\/div><\/div>\t<div class=\"pbmit-ihbox-contents\">\r\n\t\t\t\t\t\t<h2 class=\"pbmit-element-title\">\r\n\t\t\t\t\t\t\t\t\r\n\t\t\t\t\t\t\t\t\tVizyonumuz\r\n\t\t\t\t\t\t\t\t\r\n\t\t\t\t\t\t\t\t<\/h2>\r\n\t\t\t\t\t\t\t\t\t<div class=\"pbmit-heading-desc\">Modern Saray\u2019\u0131n vizyonu; sadece bug\u00fcn i\u00e7in de\u011fil, gelece\u011fin ya\u015fam anlay\u0131\u015f\u0131n\u0131 \u015fekillendiren kal\u0131c\u0131 tasar\u0131mlar \u00fcretmektir. Zaman\u0131n \u00f6tesine ge\u00e7en modernlik, esteti\u011fini kaybetmeyen \u00e7izgiler ve nesiller boyu de\u011ferini koruyan mimari karakterler olu\u015fturmak temel ilkemizdir.\nBizim i\u00e7in ger\u00e7ek modernlik; dayan\u0131kl\u0131l\u0131\u011f\u0131n, zarafetin ve ak\u0131lc\u0131 tasar\u0131m\u0131n birle\u015fti\u011fi noktada ba\u015flar.\n<\/div>\t\t\t<\/div><!-- .pbmit-ihbox-contents -->\r\n<\/div> \t\r\n\t\t\t\t\t\t<\/div>\r\n\t\t\t\t\t<\/article><article class=\"pbmit-ele pbmit-ele-miconheading pbmit-miconheading-style-1 col-md-12   \">\t\t\t\t\t\t<div class=\"pbmit-ihbox pbmit-ihbox-style-1\">\r\n\t\t\t\t\t\t\t<div class=\"pbmit-ihbox-headingicon d-flex align-items-center\">\r\n\t<div class=\"pbmit-ihbox-icon\"><div class=\"pbmit-ihbox-icon-wrapper pbmit-ihbox-icon-type-text\"><\/div><\/div>\t<div class=\"pbmit-ihbox-contents\">\r\n\t\t\t\t\t\t<h2 class=\"pbmit-element-title\">\r\n\t\t\t\t\t\t\t\t\r\n\t\t\t\t\t\t\t\t\tMisyonumuz\r\n\t\t\t\t\t\t\t\t\r\n\t\t\t\t\t\t\t\t<\/h2>\r\n\t\t\t\t\t\t\t\t\t<div class=\"pbmit-heading-desc\">Her m\u00fc\u015fterimize, ya\u015fam\u0131n\u0131 y\u00fckselten \u00f6zel bir tasar\u0131m deneyimi sunmak.\nMisyonumuz, her mek\u00e2na sadece g\u00fczel bir g\u00f6r\u00fcn\u00fcm de\u011fil; konfor, uyum, g\u00fc\u00e7 ve kimlik kazand\u0131rmakt\u0131r. Mek\u00e2nlar\u0131n duygular\u0131, al\u0131\u015fkanl\u0131klar\u0131 ve ya\u015fam ak\u0131\u015flar\u0131n\u0131 nas\u0131l etkiledi\u011fini bilir; bu y\u00fczden tasar\u0131m\u0131m\u0131z\u0131 insanlar\u0131n g\u00fcnl\u00fck hayat\u0131n\u0131 iyile\u015ftirecek \u015fekilde kurgular\u0131z.<\/div>\t\t\t<\/div><!-- .pbmit-ihbox-contents -->\r\n<\/div> \t\r\n\t\t\t\t\t\t<\/div>\r\n\t\t\t\t\t<\/article>\t\t<\/div>\r\n\t\t\t\t\t\t<\/div><!-- .pbmit-element-inner -->\r\n\t\t\t<\/div><!-- .pbminfotech-element -->\r\n\t\t\t\t\t\t\t<\/div>\n\t\t\t\t<\/div>\n\t\t\t\t\t<\/div>\n\t\t<\/div>\n\t\t\t\t<div class=\"elementor-column elementor-col-50 elementor-top-column elementor-element elementor-element-e1b297e pbmit-bg-color-over-image\" data-id=\"e1b297e\" data-element_type=\"column\">\n\t\t\t<div class=\"elementor-widget-wrap elementor-element-populated\">\n\t\t\t\t\t\t<div class=\"elementor-element elementor-element-16a4358 pbmit-animation-style7 elementor-widget elementor-widget-image\" data-id=\"16a4358\" data-element_type=\"widget\" data-widget_type=\"image.default\">\n\t\t\t\t<div class=\"elementor-widget-container\">\n\t\t\t\t\t\t\t\t\t\t\t\t\t\t\t<img decoding=\"async\" width=\"1872\" height=\"1872\" src=\"https:\/\/www.modernsaray.com\/dekorasyon\/wp-content\/uploads\/2025\/12\/3536.jpg\" class=\"attachment-full size-full wp-image-2121\" alt=\"\" srcset=\"https:\/\/www.modernsaray.com\/dekorasyon\/wp-content\/uploads\/2025\/12\/3536.jpg 1872w, https:\/\/www.modernsaray.com\/dekorasyon\/wp-content\/uploads\/2025\/12\/3536-300x300.jpg 300w, https:\/\/www.modernsaray.com\/dekorasyon\/wp-content\/uploads\/2025\/12\/3536-1024x1024.jpg 1024w, https:\/\/www.modernsaray.com\/dekorasyon\/wp-content\/uploads\/2025\/12\/3536-150x150.jpg 150w, https:\/\/www.modernsaray.com\/dekorasyon\/wp-content\/uploads\/2025\/12\/3536-768x768.jpg 768w, https:\/\/www.modernsaray.com\/dekorasyon\/wp-content\/uploads\/2025\/12\/3536-1536x1536.jpg 1536w, https:\/\/www.modernsaray.com\/dekorasyon\/wp-content\/uploads\/2025\/12\/3536-500x500.jpg 500w, https:\/\/www.modernsaray.com\/dekorasyon\/wp-content\/uploads\/2025\/12\/3536-600x600.jpg 600w, https:\/\/www.modernsaray.com\/dekorasyon\/wp-content\/uploads\/2025\/12\/3536-100x100.jpg 100w\" sizes=\"(max-width: 1872px) 100vw, 1872px\" \/>\t\t\t\t\t\t\t\t\t\t\t\t\t\t\t<\/div>\n\t\t\t\t<\/div>\n\t\t\t\t<div class=\"elementor-element elementor-element-742920a pbmit-animation-style7 elementor-widget__width-auto elementor-absolute elementor-widget elementor-widget-image\" data-id=\"742920a\" data-element_type=\"widget\" data-settings=\"{&quot;_position&quot;:&quot;absolute&quot;}\" data-widget_type=\"image.default\">\n\t\t\t\t<div class=\"elementor-widget-container\">\n\t\t\t\t\t\t\t\t\t\t\t\t\t\t\t<img decoding=\"async\" width=\"1080\" height=\"1350\" src=\"https:\/\/www.modernsaray.com\/dekorasyon\/wp-content\/uploads\/2025\/11\/13.jpg\" class=\"attachment-full size-full wp-image-329\" alt=\"\" srcset=\"https:\/\/www.modernsaray.com\/dekorasyon\/wp-content\/uploads\/2025\/11\/13.jpg 1080w, https:\/\/www.modernsaray.com\/dekorasyon\/wp-content\/uploads\/2025\/11\/13-240x300.jpg 240w, https:\/\/www.modernsaray.com\/dekorasyon\/wp-content\/uploads\/2025\/11\/13-819x1024.jpg 819w, https:\/\/www.modernsaray.com\/dekorasyon\/wp-content\/uploads\/2025\/11\/13-768x960.jpg 768w, https:\/\/www.modernsaray.com\/dekorasyon\/wp-content\/uploads\/2025\/11\/13-600x750.jpg 600w\" sizes=\"(max-width: 1080px) 100vw, 1080px\" \/>\t\t\t\t\t\t\t\t\t\t\t\t\t\t\t<\/div>\n\t\t\t\t<\/div>\n\t\t\t\t\t<\/div>\n\t\t<\/div>\n\t\t\t\t\t<\/div>\n\t\t<\/section>\n\t\t\t\t<section class=\"elementor-section elementor-top-section elementor-element elementor-element-04ca114 pbmit-col-stretched-none pbmit-bg-color-over-image elementor-section-boxed elementor-section-height-default elementor-section-height-default\" data-id=\"04ca114\" data-element_type=\"section\">\n\t\t\t\t\t\t<div class=\"elementor-container elementor-column-gap-default\">\n\t\t\t\t\t<div class=\"elementor-column elementor-col-100 elementor-top-column elementor-element elementor-element-d45a331 pbmit-bg-color-over-image\" data-id=\"d45a331\" data-element_type=\"column\">\n\t\t\t<div class=\"elementor-widget-wrap elementor-element-populated\">\n\t\t\t\t\t\t<div class=\"elementor-element elementor-element-c07bf4f elementor-widget elementor-widget-spacer\" data-id=\"c07bf4f\" data-element_type=\"widget\" data-widget_type=\"spacer.default\">\n\t\t\t\t<div class=\"elementor-widget-container\">\n\t\t\t\t\t\t\t<div class=\"elementor-spacer\">\n\t\t\t<div class=\"elementor-spacer-inner\"><\/div>\n\t\t<\/div>\n\t\t\t\t\t\t<\/div>\n\t\t\t\t<\/div>\n\t\t\t\t\t<\/div>\n\t\t<\/div>\n\t\t\t\t\t<\/div>\n\t\t<\/section>\n\t\t\t\t<section class=\"elementor-section elementor-top-section elementor-element elementor-element-98ff4ef pbmit-text-color-white elementor-section-stretched pbmit-extend-animation pbmit-bg-color-yes pbmit-elementor-bg-color-secondary pbmit-col-stretched-none pbmit-bg-color-over-image elementor-section-boxed elementor-section-height-default elementor-section-height-default\" data-id=\"98ff4ef\" data-element_type=\"section\" data-settings=\"{&quot;stretch_section&quot;:&quot;section-stretched&quot;}\">\n\t\t\t\t\t\t<div class=\"elementor-container elementor-column-gap-default\">\n\t\t\t\t\t<div class=\"elementor-column elementor-col-100 elementor-top-column elementor-element elementor-element-dde955c pbmit-bg-color-over-image\" data-id=\"dde955c\" data-element_type=\"column\">\n\t\t\t<div class=\"elementor-widget-wrap elementor-element-populated\">\n\t\t\t\t\t\t<div class=\"elementor-element elementor-element-8be86b9 elementor-widget elementor-widget-heading\" data-id=\"8be86b9\" data-element_type=\"widget\" data-widget_type=\"heading.default\">\n\t\t\t\t<div class=\"elementor-widget-container\">\n\t\t\t\t\t<h1 class=\"elementor-heading-title elementor-size-default\">H\u0131zl\u0131 \u0130leti\u015fim<\/h1>\t\t\t\t<\/div>\n\t\t\t\t<\/div>\n\t\t\t\t\t<\/div>\n\t\t<\/div>\n\t\t\t\t\t<\/div>\n\t\t<\/section>\n\t\t\t\t<section class=\"elementor-section elementor-top-section elementor-element elementor-element-e06c625 pbmit-col-stretched-none pbmit-bg-color-over-image elementor-section-boxed elementor-section-height-default elementor-section-height-default\" data-id=\"e06c625\" data-element_type=\"section\">\n\t\t\t\t\t\t<div class=\"elementor-container elementor-column-gap-default\">\n\t\t\t\t\t<div class=\"elementor-column elementor-col-33 elementor-top-column elementor-element elementor-element-17b2496 pbmit-bg-color-over-image\" data-id=\"17b2496\" data-element_type=\"column\">\n\t\t\t<div class=\"elementor-widget-wrap elementor-element-populated\">\n\t\t\t\t\t\t<div class=\"elementor-element elementor-element-cdfffa7 pbmit-btn-hover-color-light pbmit-btn-shape-rounded elementor-align-center pbmit-btn-color-globalcolor pbmit-btn-style-flat elementor-widget elementor-widget-button\" data-id=\"cdfffa7\" data-element_type=\"widget\" data-widget_type=\"button.default\">\n\t\t\t\t<div class=\"elementor-widget-container\">\n\t\t\t\t\t\t\t\t\t<div class=\"elementor-button-wrapper\">\n\t\t\t\t\t<a class=\"elementor-button elementor-button-link elementor-size-sm\" href=\"https:\/\/wa.me\/905475001234\" target=\"_blank\">\n\t\t\t\t\t\t<span class=\"elementor-button-content-wrapper\">\n\t\t\t\t\t\t<span class=\"elementor-button-icon\">\n\t\t\t\t<svg aria-hidden=\"true\" class=\"e-font-icon-svg e-fab-whatsapp\" viewBox=\"0 0 448 512\" xmlns=\"http:\/\/www.w3.org\/2000\/svg\"><path d=\"M380.9 97.1C339 55.1 283.2 32 223.9 32c-122.4 0-222 99.6-222 222 0 39.1 10.2 77.3 29.6 111L0 480l117.7-30.9c32.4 17.7 68.9 27 106.1 27h.1c122.3 0 224.1-99.6 224.1-222 0-59.3-25.2-115-67.1-157zm-157 341.6c-33.2 0-65.7-8.9-94-25.7l-6.7-4-69.8 18.3L72 359.2l-4.4-7c-18.5-29.4-28.2-63.3-28.2-98.2 0-101.7 82.8-184.5 184.6-184.5 49.3 0 95.6 19.2 130.4 54.1 34.8 34.9 56.2 81.2 56.1 130.5 0 101.8-84.9 184.6-186.6 184.6zm101.2-138.2c-5.5-2.8-32.8-16.2-37.9-18-5.1-1.9-8.8-2.8-12.5 2.8-3.7 5.6-14.3 18-17.6 21.8-3.2 3.7-6.5 4.2-12 1.4-32.6-16.3-54-29.1-75.5-66-5.7-9.8 5.7-9.1 16.3-30.3 1.8-3.7.9-6.9-.5-9.7-1.4-2.8-12.5-30.1-17.1-41.2-4.5-10.8-9.1-9.3-12.5-9.5-3.2-.2-6.9-.2-10.6-.2-3.7 0-9.7 1.4-14.8 6.9-5.1 5.6-19.4 19-19.4 46.3 0 27.3 19.9 53.7 22.6 57.4 2.8 3.7 39.1 59.7 94.8 83.8 35.2 15.2 49 16.5 66.6 13.9 10.7-1.6 32.8-13.4 37.4-26.4 4.6-13 4.6-24.1 3.2-26.4-1.3-2.5-5-3.9-10.5-6.6z\"><\/path><\/svg>\t\t\t<\/span>\n\t\t\t\t\t\t\t\t\t<span class=\"elementor-button-text\">+90 547 500 1234<\/span>\n\t\t\t\t\t<\/span>\n\t\t\t\t\t<\/a>\n\t\t\t\t<\/div>\n\t\t\t\t\t\t\t\t<\/div>\n\t\t\t\t<\/div>\n\t\t\t\t\t<\/div>\n\t\t<\/div>\n\t\t\t\t<div class=\"elementor-column elementor-col-33 elementor-top-column elementor-element elementor-element-69961b6 pbmit-bg-color-over-image\" data-id=\"69961b6\" data-element_type=\"column\">\n\t\t\t<div class=\"elementor-widget-wrap elementor-element-populated\">\n\t\t\t\t\t\t<div class=\"elementor-element elementor-element-c581d0c pbmit-btn-hover-color-light pbmit-btn-shape-rounded elementor-align-center pbmit-btn-color-globalcolor pbmit-btn-style-flat elementor-widget elementor-widget-button\" data-id=\"c581d0c\" data-element_type=\"widget\" data-widget_type=\"button.default\">\n\t\t\t\t<div class=\"elementor-widget-container\">\n\t\t\t\t\t\t\t\t\t<div class=\"elementor-button-wrapper\">\n\t\t\t\t\t<a class=\"elementor-button elementor-button-link elementor-size-sm\" href=\"tel:+90%20547%20500%201234\" target=\"_blank\">\n\t\t\t\t\t\t<span class=\"elementor-button-content-wrapper\">\n\t\t\t\t\t\t<span class=\"elementor-button-icon\">\n\t\t\t\t<svg aria-hidden=\"true\" class=\"e-font-icon-svg e-fas-phone-alt\" viewBox=\"0 0 512 512\" xmlns=\"http:\/\/www.w3.org\/2000\/svg\"><path d=\"M497.39 361.8l-112-48a24 24 0 0 0-28 6.9l-49.6 60.6A370.66 370.66 0 0 1 130.6 204.11l60.6-49.6a23.94 23.94 0 0 0 6.9-28l-48-112A24.16 24.16 0 0 0 122.6.61l-104 24A24 24 0 0 0 0 48c0 256.5 207.9 464 464 464a24 24 0 0 0 23.4-18.6l24-104a24.29 24.29 0 0 0-14.01-27.6z\"><\/path><\/svg>\t\t\t<\/span>\n\t\t\t\t\t\t\t\t\t<span class=\"elementor-button-text\">+90 547 500 1234<\/span>\n\t\t\t\t\t<\/span>\n\t\t\t\t\t<\/a>\n\t\t\t\t<\/div>\n\t\t\t\t\t\t\t\t<\/div>\n\t\t\t\t<\/div>\n\t\t\t\t\t<\/div>\n\t\t<\/div>\n\t\t\t\t<div class=\"elementor-column elementor-col-33 elementor-top-column elementor-element elementor-element-fa0ae6a pbmit-bg-color-over-image\" data-id=\"fa0ae6a\" data-element_type=\"column\">\n\t\t\t<div class=\"elementor-widget-wrap elementor-element-populated\">\n\t\t\t\t\t\t<div class=\"elementor-element elementor-element-212b560 pbmit-btn-hover-color-light pbmit-btn-shape-rounded elementor-align-center pbmit-btn-color-globalcolor pbmit-btn-style-flat elementor-widget elementor-widget-button\" data-id=\"212b560\" data-element_type=\"widget\" data-widget_type=\"button.default\">\n\t\t\t\t<div class=\"elementor-widget-container\">\n\t\t\t\t\t\t\t\t\t<div class=\"elementor-button-wrapper\">\n\t\t\t\t\t<a class=\"elementor-button elementor-button-link elementor-size-sm\" href=\"mailto:info@modernsaray.com\" target=\"_blank\">\n\t\t\t\t\t\t<span class=\"elementor-button-content-wrapper\">\n\t\t\t\t\t\t<span class=\"elementor-button-icon\">\n\t\t\t\t<i aria-hidden=\"true\" class=\"sgicon sgicon-Imbox\"><\/i>\t\t\t<\/span>\n\t\t\t\t\t\t\t\t\t<span class=\"elementor-button-text\">info@modernsaray.com<\/span>\n\t\t\t\t\t<\/span>\n\t\t\t\t\t<\/a>\n\t\t\t\t<\/div>\n\t\t\t\t\t\t\t\t<\/div>\n\t\t\t\t<\/div>\n\t\t\t\t\t<\/div>\n\t\t<\/div>\n\t\t\t\t\t<\/div>\n\t\t<\/section>\n\t\t\t\t<\/div>\n\t\t","protected":false},"excerpt":{"rendered":"<p>modernsaray\u2122 Modern. Asil. Ebedi. Modern Saray\u2122, modern mimarinin zarafetini saray esteti\u011finin asaletiyle birle\u015ftiren \u00f6zel bir tasar\u0131m markas\u0131d\u0131r. Amac\u0131m\u0131z, ya\u015fam alanlar\u0131n\u0131 yaln\u0131zca d\u00fczenlemek de\u011fil; onlara kal\u0131c\u0131 bir kimlik, g\u00fc\u00e7l\u00fc bir duru\u015f ve zamans\u0131z bir de\u011fer kazand\u0131rmakt\u0131r. Her projemizde estetik ile fonksiyonu, sadelik ile ihti\u015fam\u0131, modernlikle asaletin en rafine h\u00e2lini bulu\u015ftururuz. Modern Saray i\u00e7in bir mek\u00e2n sadece [&hellip;]<\/p>\n","protected":false},"author":1,"featured_media":347,"parent":0,"menu_order":3,"comment_status":"closed","ping_status":"closed","template":"elementor_header_footer","meta":{"_acf_changed":false,"inline_featured_image":false,"footnotes":""},"class_list":["post-44","page","type-page","status-publish","has-post-thumbnail","hentry"],"acf":[],"aioseo_notices":[],"_links":{"self":[{"href":"https:\/\/www.modernsaray.com\/dekorasyon\/wp-json\/wp\/v2\/pages\/44","targetHints":{"allow":["GET"]}}],"collection":[{"href":"https:\/\/www.modernsaray.com\/dekorasyon\/wp-json\/wp\/v2\/pages"}],"about":[{"href":"https:\/\/www.modernsaray.com\/dekorasyon\/wp-json\/wp\/v2\/types\/page"}],"author":[{"embeddable":true,"href":"https:\/\/www.modernsaray.com\/dekorasyon\/wp-json\/wp\/v2\/users\/1"}],"replies":[{"embeddable":true,"href":"https:\/\/www.modernsaray.com\/dekorasyon\/wp-json\/wp\/v2\/comments?post=44"}],"version-history":[{"count":99,"href":"https:\/\/www.modernsaray.com\/dekorasyon\/wp-json\/wp\/v2\/pages\/44\/revisions"}],"predecessor-version":[{"id":19661,"href":"https:\/\/www.modernsaray.com\/dekorasyon\/wp-json\/wp\/v2\/pages\/44\/revisions\/19661"}],"wp:featuredmedia":[{"embeddable":true,"href":"https:\/\/www.modernsaray.com\/dekorasyon\/wp-json\/wp\/v2\/media\/347"}],"wp:attachment":[{"href":"https:\/\/www.modernsaray.com\/dekorasyon\/wp-json\/wp\/v2\/media?parent=44"}],"curies":[{"name":"wp","href":"https:\/\/api.w.org\/{rel}","templated":true}]}}